{"id":16,"date":"2016-02-01T19:59:12","date_gmt":"2016-02-01T19:59:12","guid":{"rendered":"http:\/\/domek-walpusz.pl\/?page_id=16"},"modified":"2025-04-22T16:53:45","modified_gmt":"2025-04-22T16:53:45","slug":"oferta","status":"publish","type":"page","link":"http:\/\/domek-walpusz.pl\/?page_id=16","title":{"rendered":"Oferta"},"content":{"rendered":"<p>Domek przeznaczony jest dla max 12 os\u00f3b, znajduje si\u0119 w nim:<\/p>\n<ul>\n<li>dwie sypialnie trzyosobowe (\u0142\u00f3\u017cko pojedyncze + podw\u00f3jne)<\/li>\n<li>dwie sypialnie dwuosobowe<\/li>\n<li>dwuosobowy pok\u00f3j go\u015bcinny z kominkiem<\/li>\n<li>kuchnia z wyposa\u017ceniem<\/li>\n<li>dwie \u0142azienki (wanna, prysznic, pralka)<\/li>\n<li>du\u017ce podw\u00f3rko z boiskiem do siatk\u00f3wki<\/li>\n<li>drewniana altanka i hu\u015btawka<\/li>\n<li>grill i meble ogrodowe<\/li>\n<li>\u0142\u00f3dka czteroosobowa do dyspozycji<\/li>\n<\/ul>\n<p>Blisko do jeziora (300m). Woko\u0142o pi\u0119kne lasy grzybowe.<\/p>\n<p>Doba rozpoczyna si\u0119 o godz. 15:00 ko\u0144czy o godz. 11:00.<br \/>\nRezerwacji na turnusy tygodniowe dokonujemy od soboty do soboty. Wystawiamy rachunki za pobyt.<br \/>\nRezerwacja po dokonaniu wp\u0142aty 30% zadatku na konto w Banku Millennium:<\/p>\n<p>Wanda Tyczy\u0144ska<br \/>\n54 1160 2202 0000 0002 0080 6516<\/p>\n<p>Ceny w sezonie 2025:<\/p>\n<ul>\n<li>weekend majowy &#8211; 500 z\u0142\/doba<\/li>\n<li>Bo\u017ce Cia\u0142o (weekend) &#8211; 500 z\u0142\/doba<\/li>\n<li>turnusy tygodniowe lipiec &#8211; sierpie\u0144 &#8211; 500 z\u0142\/doba<\/li>\n<li>pozosta\u0142e terminy &#8211; 450 z\u0142\/doba<br \/>\n+pr\u0105d wed\u0142ug zu\u017cycia<\/li>\n<\/ul>\n","protected":false},"excerpt":{"rendered":"<p>Domek przeznaczony jest dla max 12 os\u00f3b, znajduje si\u0119 w nim: dwie sypialnie trzyosobowe (\u0142\u00f3\u017cko pojedyncze + podw\u00f3jne) dwie sypialnie dwuosobowe dwuosobowy pok\u00f3j go\u015bcinny z kominkiem kuchnia z wyposa\u017ceniem dwie \u0142azienki (wanna, prysznic, pralka) du\u017ce podw\u00f3rko z boiskiem do siatk\u00f3wki drewniana altanka i hu\u015btawka grill i meble ogrodowe \u0142\u00f3dka czteroosobowa do dyspozycji Blisko do jeziora &hellip; <a href=\"http:\/\/domek-walpusz.pl\/?page_id=16\" class=\"more-link\">Czytaj dalej <span class=\"screen-reader-text\">Oferta<\/span><\/a><\/p>\n","protected":false},"author":1,"featured_media":0,"parent":0,"menu_order":0,"comment_status":"closed","ping_status":"closed","template":"","meta":{"footnotes":""},"class_list":["post-16","page","type-page","status-publish","hentry"],"_links":{"self":[{"href":"http:\/\/domek-walpusz.pl\/index.php?rest_route=\/wp\/v2\/pages\/16","targetHints":{"allow":["GET"]}}],"collection":[{"href":"http:\/\/domek-walpusz.pl\/index.php?rest_route=\/wp\/v2\/pages"}],"about":[{"href":"http:\/\/domek-walpusz.pl\/index.php?rest_route=\/wp\/v2\/types\/page"}],"author":[{"embeddable":true,"href":"http:\/\/domek-walpusz.pl\/index.php?rest_route=\/wp\/v2\/users\/1"}],"replies":[{"embeddable":true,"href":"http:\/\/domek-walpusz.pl\/index.php?rest_route=%2Fwp%2Fv2%2Fcomments&post=16"}],"version-history":[{"count":18,"href":"http:\/\/domek-walpusz.pl\/index.php?rest_route=\/wp\/v2\/pages\/16\/revisions"}],"predecessor-version":[{"id":104,"href":"http:\/\/domek-walpusz.pl\/index.php?rest_route=\/wp\/v2\/pages\/16\/revisions\/104"}],"wp:attachment":[{"href":"http:\/\/domek-walpusz.pl\/index.php?rest_route=%2Fwp%2Fv2%2Fmedia&parent=16"}],"curies":[{"name":"wp","href":"https:\/\/api.w.org\/{rel}","templated":true}]}}